{"id":752,"date":"2020-07-13T10:17:08","date_gmt":"2020-07-13T10:17:08","guid":{"rendered":"http:\/\/lacasacarina.com\/alloggio\/"},"modified":"2024-02-17T08:15:30","modified_gmt":"2024-02-17T08:15:30","slug":"alloggio","status":"publish","type":"page","link":"https:\/\/www.lacasacarina.com\/it\/alloggio\/","title":{"rendered":"Alloggio"},"content":{"rendered":"\t\t<div data-elementor-type=\"wp-page\" data-elementor-id=\"752\" class=\"elementor elementor-752 elementor-26\" data-elementor-post-type=\"page\">\n\t\t\t\t\t\t<section class=\"elementor-section elementor-top-section elementor-element elementor-element-ecf9da0 elementor-section-content-middle elementor-section-boxed elementor-section-height-default elementor-section-height-default\" data-id=\"ecf9da0\" data-element_type=\"section\">\n\t\t\t\t\t\t<div class=\"elementor-container elementor-column-gap-default\">\n\t\t\t\t\t<div class=\"elementor-column elementor-col-50 elementor-top-column elementor-element elementor-element-a512715\" data-id=\"a512715\" data-element_type=\"column\">\n\t\t\t<div class=\"elementor-widget-wrap elementor-element-populated\">\n\t\t\t\t\t\t<div class=\"elementor-element elementor-element-d7b8e9e elementor-widget elementor-widget-heading\" data-id=\"d7b8e9e\" data-element_type=\"widget\" data-widget_type=\"heading.default\">\n\t\t\t\t<div class=\"elementor-widget-container\">\n\t\t\t\t\t<h2 class=\"elementor-heading-title elementor-size-default\">Caratteristiche Dell'hotel Boutique<\/h2>\t\t\t\t<\/div>\n\t\t\t\t<\/div>\n\t\t\t\t<div class=\"elementor-element elementor-element-258787c elementor-widget elementor-widget-text-editor\" data-id=\"258787c\" data-element_type=\"widget\" data-widget_type=\"text-editor.default\">\n\t\t\t\t<div class=\"elementor-widget-container\">\n\t\t\t\t\t\t\t\t\t<p>Situato a Kaleici, il centro storico della citt\u00e0 di Antalya, La Casa Carina \u00e8 un edificio in pietra con un cortile costruito con l&#8217;architettura tradizionale della casa di Antalya.<\/p>\n<p>Tra i luoghi da visitare nelle immediate vicinanze dell&#8217;edificio; oltre alle mura storiche della citt\u00e0, edifici monumentali appartenenti ai periodi romano, bizantino, selgiuchide e ottomano, c&#8217;\u00e8 anche il porto turistico e la spiaggia di Mermerli. La struttura archeologica e urbana intorno all&#8217;edificio pu\u00f2 essere visitata, \u00e8 possibile effettuare visite al porto turistico e alla spiaggia.<\/p>\n\t\t\t\t\t\t\t\t<\/div>\n\t\t\t\t<\/div>\n\t\t\t\t\t<\/div>\n\t\t<\/div>\n\t\t\t\t<div class=\"elementor-column elementor-col-50 elementor-top-column elementor-element elementor-element-6e53147\" data-id=\"6e53147\" data-element_type=\"column\">\n\t\t\t<div class=\"elementor-widget-wrap elementor-element-populated\">\n\t\t\t\t\t\t<div class=\"elementor-element elementor-element-6610b9c elementor-widget elementor-widget-image\" data-id=\"6610b9c\" data-element_type=\"widget\" data-widget_type=\"image.default\">\n\t\t\t\t<div class=\"elementor-widget-container\">\n\t\t\t\t\t\t\t\t\t\t\t\t\t\t\t<img fetchpriority=\"high\" decoding=\"async\" width=\"1333\" height=\"1000\" src=\"https:\/\/www.lacasacarina.com\/wp-content\/uploads\/2020\/07\/bahce-4.jpg\" class=\"attachment-full size-full wp-image-658\" alt=\"\" srcset=\"https:\/\/www.lacasacarina.com\/wp-content\/uploads\/2020\/07\/bahce-4.jpg 1333w, https:\/\/www.lacasacarina.com\/wp-content\/uploads\/2020\/07\/bahce-4-300x225.jpg 300w, https:\/\/www.lacasacarina.com\/wp-content\/uploads\/2020\/07\/bahce-4-1024x768.jpg 1024w, https:\/\/www.lacasacarina.com\/wp-content\/uploads\/2020\/07\/bahce-4-768x576.jpg 768w\" sizes=\"(max-width: 1333px) 100vw, 1333px\" \/>\t\t\t\t\t\t\t\t\t\t\t\t\t\t\t<\/div>\n\t\t\t\t<\/div>\n\t\t\t\t\t<\/div>\n\t\t<\/div>\n\t\t\t\t\t<\/div>\n\t\t<\/section>\n\t\t\t\t<section class=\"elementor-section elementor-top-section elementor-element elementor-element-3920ac9 elementor-section-content-middle elementor-section-boxed elementor-section-height-default elementor-section-height-default\" data-id=\"3920ac9\" data-element_type=\"section\">\n\t\t\t\t\t\t<div class=\"elementor-container elementor-column-gap-default\">\n\t\t\t\t\t<div class=\"elementor-column elementor-col-50 elementor-top-column elementor-element elementor-element-91626f4\" data-id=\"91626f4\" data-element_type=\"column\">\n\t\t\t<div class=\"elementor-widget-wrap elementor-element-populated\">\n\t\t\t\t\t\t<div class=\"elementor-element elementor-element-b3cb470 elementor-widget elementor-widget-image\" data-id=\"b3cb470\" data-element_type=\"widget\" data-widget_type=\"image.default\">\n\t\t\t\t<div class=\"elementor-widget-container\">\n\t\t\t\t\t\t\t\t\t\t\t\t\t\t\t<img decoding=\"async\" width=\"600\" height=\"800\" src=\"https:\/\/www.lacasacarina.com\/wp-content\/uploads\/2021\/08\/5551a84a-3c10-49b6-bed9-30d84e4c985d.jpg\" class=\"attachment-full size-full wp-image-1053\" alt=\"\" srcset=\"https:\/\/www.lacasacarina.com\/wp-content\/uploads\/2021\/08\/5551a84a-3c10-49b6-bed9-30d84e4c985d.jpg 600w, https:\/\/www.lacasacarina.com\/wp-content\/uploads\/2021\/08\/5551a84a-3c10-49b6-bed9-30d84e4c985d-225x300.jpg 225w\" sizes=\"(max-width: 600px) 100vw, 600px\" \/>\t\t\t\t\t\t\t\t\t\t\t\t\t\t\t<\/div>\n\t\t\t\t<\/div>\n\t\t\t\t\t<\/div>\n\t\t<\/div>\n\t\t\t\t<div class=\"elementor-column elementor-col-50 elementor-top-column elementor-element elementor-element-e6157c7\" data-id=\"e6157c7\" data-element_type=\"column\">\n\t\t\t<div class=\"elementor-widget-wrap elementor-element-populated\">\n\t\t\t\t\t\t<div class=\"elementor-element elementor-element-d77fd89 elementor-widget elementor-widget-text-editor\" data-id=\"d77fd89\" data-element_type=\"widget\" data-widget_type=\"text-editor.default\">\n\t\t\t\t<div class=\"elementor-widget-container\">\n\t\t\t\t\t\t\t\t\t<p><strong>Capacit\u00e0:<\/strong> La nostra struttura dispone di 12 camere (3 triple; 4 doppie e 5 singole), con una capacit\u00e0 totale di 22 posti letto. La struttura offre doccia, servizi igienici, aria condizionata e accesso Wi-Fi.<\/p>\n<p><strong>Tipo di alloggio:<\/strong> \u00c8 disponibile in formula bed and breakfast o solo camera.<\/p>\n<p><strong>Dettagli alloggio:<\/strong> Tutti i cibi e le bevande, ad eccezione della colazione nello stabilimento, sono pagabili. La colazione viene servita dalle 8:00 alle 10:30.<\/p>\n<p><strong>Informazioni importanti<\/strong><\/p>\n<p><strong>Orario di arrivo:<\/strong> 14:00<br \/>\n<strong>Orario di partenza:<\/strong> 11:00<br \/>\n<strong>Animali domestici:<\/strong> non sono ammessi animali domestici e cani guida.<\/p>\n\t\t\t\t\t\t\t\t<\/div>\n\t\t\t\t<\/div>\n\t\t\t\t\t<\/div>\n\t\t<\/div>\n\t\t\t\t\t<\/div>\n\t\t<\/section>\n\t\t\t\t<section class=\"elementor-section elementor-top-section elementor-element elementor-element-70f9540 elementor-section-content-middle elementor-section-boxed elementor-section-height-default elementor-section-height-default\" data-id=\"70f9540\" data-element_type=\"section\">\n\t\t\t\t\t\t<div class=\"elementor-container elementor-column-gap-default\">\n\t\t\t\t\t<div class=\"elementor-column elementor-col-50 elementor-top-column elementor-element elementor-element-5d597d1\" data-id=\"5d597d1\" data-element_type=\"column\">\n\t\t\t<div class=\"elementor-widget-wrap elementor-element-populated\">\n\t\t\t\t\t\t<div class=\"elementor-element elementor-element-49aa12c elementor-widget elementor-widget-text-editor\" data-id=\"49aa12c\" data-element_type=\"widget\" data-widget_type=\"text-editor.default\">\n\t\t\t\t<div class=\"elementor-widget-container\">\n\t\t\t\t\t\t\t\t\t<p><strong>Termini di pagamento<\/strong><\/p>\n<p>Carta di credito e contanti possono essere pagati presso la nostra struttura.<\/p>\n<p>\u2022 Euro Card<br \/>\n\u2022 Denaro contante<br \/>\n\u2022 Carta di pagamento<br \/>\n\u2022 Elettro<br \/>\n\u2022 Maestro<br \/>\n\u2022 Visa<br \/>\n\u2022 Master Card<\/p>\n\t\t\t\t\t\t\t\t<\/div>\n\t\t\t\t<\/div>\n\t\t\t\t\t<\/div>\n\t\t<\/div>\n\t\t\t\t<div class=\"elementor-column elementor-col-50 elementor-top-column elementor-element elementor-element-c7c2e93\" data-id=\"c7c2e93\" data-element_type=\"column\">\n\t\t\t<div class=\"elementor-widget-wrap elementor-element-populated\">\n\t\t\t\t\t\t<div class=\"elementor-element elementor-element-de7f76f elementor-widget elementor-widget-image\" data-id=\"de7f76f\" data-element_type=\"widget\" data-widget_type=\"image.default\">\n\t\t\t\t<div class=\"elementor-widget-container\">\n\t\t\t\t\t\t\t\t\t\t\t\t\t\t\t<img decoding=\"async\" width=\"189\" height=\"252\" src=\"https:\/\/www.lacasacarina.com\/wp-content\/uploads\/2021\/08\/IMG_5014.jpg\" class=\"attachment-full size-full wp-image-1049\" alt=\"\" \/>\t\t\t\t\t\t\t\t\t\t\t\t\t\t\t<\/div>\n\t\t\t\t<\/div>\n\t\t\t\t\t<\/div>\n\t\t<\/div>\n\t\t\t\t\t<\/div>\n\t\t<\/section>\n\t\t\t\t<section class=\"elementor-section elementor-top-section elementor-element elementor-element-97ea9f4 elementor-section-boxed elementor-section-height-default elementor-section-height-default\" data-id=\"97ea9f4\" data-element_type=\"section\">\n\t\t\t\t\t\t<div class=\"elementor-container elementor-column-gap-default\">\n\t\t\t\t\t<div class=\"elementor-column elementor-col-100 elementor-top-column elementor-element elementor-element-946a4bd\" data-id=\"946a4bd\" data-element_type=\"column\" data-settings=\"{&quot;background_background&quot;:&quot;classic&quot;}\">\n\t\t\t<div class=\"elementor-widget-wrap elementor-element-populated\">\n\t\t\t\t\t\t<section class=\"elementor-section elementor-inner-section elementor-element elementor-element-d19259a elementor-section-content-middle elementor-section-boxed elementor-section-height-default elementor-section-height-default\" data-id=\"d19259a\" data-element_type=\"section\">\n\t\t\t\t\t\t<div class=\"elementor-container elementor-column-gap-default\">\n\t\t\t\t\t<div class=\"elementor-column elementor-col-50 elementor-inner-column elementor-element elementor-element-766cfa6\" data-id=\"766cfa6\" data-element_type=\"column\">\n\t\t\t<div class=\"elementor-widget-wrap elementor-element-populated\">\n\t\t\t\t\t\t<div class=\"elementor-element elementor-element-bd6bcf3 elementor-position-left elementor-vertical-align-middle elementor-view-default elementor-mobile-position-top elementor-widget elementor-widget-icon-box\" data-id=\"bd6bcf3\" data-element_type=\"widget\" data-widget_type=\"icon-box.default\">\n\t\t\t\t<div class=\"elementor-widget-container\">\n\t\t\t\t\t\t\t<div class=\"elementor-icon-box-wrapper\">\n\n\t\t\t\t\t\t<div class=\"elementor-icon-box-icon\">\n\t\t\t\t<span  class=\"elementor-icon\">\n\t\t\t\t<i aria-hidden=\"true\" class=\"far fa-check-square\"><\/i>\t\t\t\t<\/span>\n\t\t\t<\/div>\n\t\t\t\n\t\t\t\t\t\t<div class=\"elementor-icon-box-content\">\n\n\t\t\t\t\t\t\t\t\t<h3 class=\"elementor-icon-box-title\">\n\t\t\t\t\t\t<span  >\n\t\t\t\t\t\t\tCHIAMACI! +90 541 524 12 12\t\t\t\t\t\t<\/span>\n\t\t\t\t\t<\/h3>\n\t\t\t\t\n\t\t\t\t\t\t\t\t\t<p class=\"elementor-icon-box-description\">\n\t\t\t\t\t\tPuoi chiamarci per le tue domande.\t\t\t\t\t<\/p>\n\t\t\t\t\n\t\t\t<\/div>\n\t\t\t\n\t\t<\/div>\n\t\t\t\t\t\t<\/div>\n\t\t\t\t<\/div>\n\t\t\t\t\t<\/div>\n\t\t<\/div>\n\t\t\t\t<div class=\"elementor-column elementor-col-50 elementor-inner-column elementor-element elementor-element-f37aab5\" data-id=\"f37aab5\" data-element_type=\"column\">\n\t\t\t<div class=\"elementor-widget-wrap elementor-element-populated\">\n\t\t\t\t\t\t<div class=\"elementor-element elementor-element-c70a343 elementor-align-center elementor-widget elementor-widget-button\" data-id=\"c70a343\" data-element_type=\"widget\" data-widget_type=\"button.default\">\n\t\t\t\t<div class=\"elementor-widget-container\">\n\t\t\t\t\t\t\t\t\t<div class=\"elementor-button-wrapper\">\n\t\t\t\t\t<a class=\"elementor-button elementor-button-link elementor-size-sm\" href=\"http:\/\/lacasacarina.com\/it\/contatto\/\">\n\t\t\t\t\t\t<span class=\"elementor-button-content-wrapper\">\n\t\t\t\t\t\t\t\t\t<span class=\"elementor-button-text\">CONTATTO<\/span>\n\t\t\t\t\t<\/span>\n\t\t\t\t\t<\/a>\n\t\t\t\t<\/div>\n\t\t\t\t\t\t\t\t<\/div>\n\t\t\t\t<\/div>\n\t\t\t\t\t<\/div>\n\t\t<\/div>\n\t\t\t\t\t<\/div>\n\t\t<\/section>\n\t\t\t\t\t<\/div>\n\t\t<\/div>\n\t\t\t\t\t<\/div>\n\t\t<\/section>\n\t\t\t\t<\/div>\n\t\t","protected":false},"excerpt":{"rendered":"<p>Caratteristiche Dell&#8217;hotel Boutique Situato a Kaleici, il centro storico della citt\u00e0 di Antalya, La Casa Carina \u00e8 un edificio in pietra con un cortile costruito con l&#8217;architettura tradizionale della casa di Antalya. Tra i luoghi da visitare nelle immediate vicinanze dell&#8217;edificio; oltre alle mura storiche della citt\u00e0, edifici monumentali appartenenti ai periodi romano, bizantino, selgiuchide [&hellip;]<\/p>\n","protected":false},"author":1,"featured_media":0,"parent":0,"menu_order":0,"comment_status":"closed","ping_status":"closed","template":"","meta":{"footnotes":""},"categories":[],"tags":[],"class_list":["post-752","page","type-page","status-publish","hentry"],"_links":{"self":[{"href":"https:\/\/www.lacasacarina.com\/it\/wp-json\/wp\/v2\/pages\/752","targetHints":{"allow":["GET"]}}],"collection":[{"href":"https:\/\/www.lacasacarina.com\/it\/wp-json\/wp\/v2\/pages"}],"about":[{"href":"https:\/\/www.lacasacarina.com\/it\/wp-json\/wp\/v2\/types\/page"}],"author":[{"embeddable":true,"href":"https:\/\/www.lacasacarina.com\/it\/wp-json\/wp\/v2\/users\/1"}],"replies":[{"embeddable":true,"href":"https:\/\/www.lacasacarina.com\/it\/wp-json\/wp\/v2\/comments?post=752"}],"version-history":[{"count":0,"href":"https:\/\/www.lacasacarina.com\/it\/wp-json\/wp\/v2\/pages\/752\/revisions"}],"wp:attachment":[{"href":"https:\/\/www.lacasacarina.com\/it\/wp-json\/wp\/v2\/media?parent=752"}],"wp:term":[{"taxonomy":"category","embeddable":true,"href":"https:\/\/www.lacasacarina.com\/it\/wp-json\/wp\/v2\/categories?post=752"},{"taxonomy":"post_tag","embeddable":true,"href":"https:\/\/www.lacasacarina.com\/it\/wp-json\/wp\/v2\/tags?post=752"}],"curies":[{"name":"wp","href":"https:\/\/api.w.org\/{rel}","templated":true}]}}